{"id":28523,"date":"2024-11-12T13:23:44","date_gmt":"2024-11-12T13:23:44","guid":{"rendered":"https:\/\/lauriejhall.com\/?page_id=28523"},"modified":"2024-11-13T17:21:04","modified_gmt":"2024-11-13T17:21:04","slug":"faqs","status":"publish","type":"page","link":"https:\/\/lauriejhall.com\/es_mx\/faqs\/","title":{"rendered":"Preguntas frecuentes"},"content":{"rendered":"<div data-elementor-type=\"wp-page\" data-elementor-id=\"28523\" class=\"elementor elementor-28523\" data-elementor-post-type=\"page\">\n\t\t\t\t\t\t<section class=\"elementor-section elementor-top-section elementor-element elementor-element-21fc1cb3 elementor-section-boxed elementor-section-height-default elementor-section-height-default sc_fly_static\" data-id=\"21fc1cb3\" data-element_type=\"section\" data-e-type=\"section\">\n\t\t\t\t\t\t<div class=\"elementor-container elementor-column-gap-extended\">\n\t\t\t\t\t<div class=\"elementor-column elementor-col-25 elementor-top-column elementor-element elementor-element-3546b1ab sc_content_align_inherit sc_layouts_column_icons_position_left sc_fly_static\" data-id=\"3546b1ab\" data-element_type=\"column\" data-e-type=\"column\">\n\t\t\t<div class=\"elementor-widget-wrap\">\n\t\t\t\t\t\t\t<\/div>\n\t\t<\/div>\n\t\t\t\t<div class=\"elementor-column elementor-col-50 elementor-top-column elementor-element elementor-element-54e603c sc_content_align_inherit sc_layouts_column_icons_position_left sc_fly_static\" data-id=\"54e603c\" data-element_type=\"column\" data-e-type=\"column\">\n\t\t\t<div class=\"elementor-widget-wrap elementor-element-populated\">\n\t\t\t\t\t\t<div class=\"elementor-element elementor-element-2b00574d sc_fly_static elementor-widget elementor-widget-toggle\" data-id=\"2b00574d\" data-element_type=\"widget\" data-e-type=\"widget\" data-widget_type=\"toggle.default\">\n\t\t\t\t<div class=\"elementor-widget-container\">\n\t\t\t\t\t\t\t<div class=\"elementor-toggle\">\n\t\t\t\t\t\t\t<div class=\"elementor-toggle-item\">\n\t\t\t\t\t<h4 id=\"elementor-tab-title-7211\" class=\"elementor-tab-title\" data-tab=\"1\" role=\"button\" aria-controls=\"elementor-tab-content-7211\" aria-expanded=\"false\">\n\t\t\t\t\t\t\t\t\t\t\t\t<span class=\"elementor-toggle-icon elementor-toggle-icon-right\" aria-hidden=\"true\">\n\t\t\t\t\t\t\t\t\t\t\t\t\t\t\t<span class=\"elementor-toggle-icon-closed\"><i class=\"fas fa-plus\"><\/i><\/span>\n\t\t\t\t\t\t\t\t<span class=\"elementor-toggle-icon-opened\"><i class=\"elementor-toggle-icon-opened fas fa-minus\"><\/i><\/span>\n\t\t\t\t\t\t\t\t\t\t\t\t\t<\/span>\n\t\t\t\t\t\t\t\t\t\t\t\t<a class=\"elementor-toggle-title\" tabindex=\"0\">\u00bfQu\u00e9 puedo esperar de las sesiones de terapia?<\/a>\n\t\t\t\t\t<\/h4>\n\n\t\t\t\t\t<div id=\"elementor-tab-content-7211\" class=\"elementor-tab-content elementor-clearfix\" data-tab=\"1\" role=\"region\" aria-labelledby=\"elementor-tab-title-7211\"><p data-sourcepos=\"3:1-3:499\">Las sesiones de terapia suelen durar 50 minutos y brindan un espacio seguro y confidencial para discutir sus inquietudes. La sesi\u00f3n inicial implicar\u00e1 conocerlo, comprender sus objetivos de terapia y determinar si soy una buena opci\u00f3n para sus necesidades. Luego colaboraremos para desarrollar un plan de tratamiento adaptado a su situaci\u00f3n particular. Las sesiones de terapia pueden incluir terapia de conversaci\u00f3n, explorar emociones y patrones de pensamiento, o incorporar t\u00e9cnicas como EMDR o EFT, seg\u00fan sus necesidades.<\/p><\/div>\n\t\t\t\t<\/div>\n\t\t\t\t\t\t\t<div class=\"elementor-toggle-item\">\n\t\t\t\t\t<h4 id=\"elementor-tab-title-7212\" class=\"elementor-tab-title\" data-tab=\"2\" role=\"button\" aria-controls=\"elementor-tab-content-7212\" aria-expanded=\"false\">\n\t\t\t\t\t\t\t\t\t\t\t\t<span class=\"elementor-toggle-icon elementor-toggle-icon-right\" aria-hidden=\"true\">\n\t\t\t\t\t\t\t\t\t\t\t\t\t\t\t<span class=\"elementor-toggle-icon-closed\"><i class=\"fas fa-plus\"><\/i><\/span>\n\t\t\t\t\t\t\t\t<span class=\"elementor-toggle-icon-opened\"><i class=\"elementor-toggle-icon-opened fas fa-minus\"><\/i><\/span>\n\t\t\t\t\t\t\t\t\t\t\t\t\t<\/span>\n\t\t\t\t\t\t\t\t\t\t\t\t<a class=\"elementor-toggle-title\" tabindex=\"0\">\u00bfCu\u00e1nto cuesta la terapia y aceptan seguro?<\/a>\n\t\t\t\t\t<\/h4>\n\n\t\t\t\t\t<div id=\"elementor-tab-content-7212\" class=\"elementor-tab-content elementor-clearfix\" data-tab=\"2\" role=\"region\" aria-labelledby=\"elementor-tab-title-7212\"><p>El costo de la terapia var\u00eda seg\u00fan sus necesidades espec\u00edficas y la cobertura del seguro. Acepto planes de seguro y est\u00e1n enumerados en mi <a href=\"https:\/\/lauriejhall.com\/es_mx\/pricing\/\">Precios<\/a> p\u00e1gina.<\/p><\/div>\n\t\t\t\t<\/div>\n\t\t\t\t\t\t\t<div class=\"elementor-toggle-item\">\n\t\t\t\t\t<h4 id=\"elementor-tab-title-7213\" class=\"elementor-tab-title\" data-tab=\"3\" role=\"button\" aria-controls=\"elementor-tab-content-7213\" aria-expanded=\"false\">\n\t\t\t\t\t\t\t\t\t\t\t\t<span class=\"elementor-toggle-icon elementor-toggle-icon-right\" aria-hidden=\"true\">\n\t\t\t\t\t\t\t\t\t\t\t\t\t\t\t<span class=\"elementor-toggle-icon-closed\"><i class=\"fas fa-plus\"><\/i><\/span>\n\t\t\t\t\t\t\t\t<span class=\"elementor-toggle-icon-opened\"><i class=\"elementor-toggle-icon-opened fas fa-minus\"><\/i><\/span>\n\t\t\t\t\t\t\t\t\t\t\t\t\t<\/span>\n\t\t\t\t\t\t\t\t\t\t\t\t<a class=\"elementor-toggle-title\" tabindex=\"0\">\u00bfLa terapia es confidencial?<\/a>\n\t\t\t\t\t<\/h4>\n\n\t\t\t\t\t<div id=\"elementor-tab-content-7213\" class=\"elementor-tab-content elementor-clearfix\" data-tab=\"3\" role=\"region\" aria-labelledby=\"elementor-tab-title-7213\"><p data-sourcepos=\"11:1-11:280\">La confidencialidad es una piedra angular de la terapia. Todo lo que comparte en nuestras sesiones es confidencial, con algunas excepciones requeridas por la ley, como sospecha de abuso infantil o peligro inminente para usted o para otros. Discutiremos estas excepciones en detalle durante nuestra primera sesi\u00f3n.<\/p><\/div>\n\t\t\t\t<\/div>\n\t\t\t\t\t\t\t<div class=\"elementor-toggle-item\">\n\t\t\t\t\t<h4 id=\"elementor-tab-title-7214\" class=\"elementor-tab-title\" data-tab=\"4\" role=\"button\" aria-controls=\"elementor-tab-content-7214\" aria-expanded=\"false\">\n\t\t\t\t\t\t\t\t\t\t\t\t<span class=\"elementor-toggle-icon elementor-toggle-icon-right\" aria-hidden=\"true\">\n\t\t\t\t\t\t\t\t\t\t\t\t\t\t\t<span class=\"elementor-toggle-icon-closed\"><i class=\"fas fa-plus\"><\/i><\/span>\n\t\t\t\t\t\t\t\t<span class=\"elementor-toggle-icon-opened\"><i class=\"elementor-toggle-icon-opened fas fa-minus\"><\/i><\/span>\n\t\t\t\t\t\t\t\t\t\t\t\t\t<\/span>\n\t\t\t\t\t\t\t\t\t\t\t\t<a class=\"elementor-toggle-title\" tabindex=\"0\">\u00bfCu\u00e1nto tiempo durar\u00e1 la terapia?<\/a>\n\t\t\t\t\t<\/h4>\n\n\t\t\t\t\t<div id=\"elementor-tab-content-7214\" class=\"elementor-tab-content elementor-clearfix\" data-tab=\"4\" role=\"region\" aria-labelledby=\"elementor-tab-title-7214\"><div class=\"conversation-container ng-star-inserted\"><div><div class=\"response-container ng-tns-c2845132601-95 ng-star-inserted\"><div class=\"presented-response-container ng-tns-c2845132601-95\"><div class=\"response-container-content ng-tns-c2845132601-95 tunable-selection-with-avatar\"><div class=\"response-content ng-tns-c2845132601-95 ng-animate-disabled\"><div class=\"markdown markdown-main-panel\" dir=\"ltr\"><p data-sourcepos=\"15:1-15:243\">La duraci\u00f3n de la terapia depende de sus objetivos y necesidades individuales. Algunos clientes encuentran alivio despu\u00e9s de algunas sesiones, mientras que otros se benefician de una terapia a m\u00e1s largo plazo. Discutiremos su progreso peri\u00f3dicamente y ajustaremos el plan de tratamiento seg\u00fan sea necesario.<\/p><\/div><\/div><\/div><\/div><\/div><\/div><\/div><\/div>\n\t\t\t\t<\/div>\n\t\t\t\t\t\t\t<div class=\"elementor-toggle-item\">\n\t\t\t\t\t<h4 id=\"elementor-tab-title-7215\" class=\"elementor-tab-title\" data-tab=\"5\" role=\"button\" aria-controls=\"elementor-tab-content-7215\" aria-expanded=\"false\">\n\t\t\t\t\t\t\t\t\t\t\t\t<span class=\"elementor-toggle-icon elementor-toggle-icon-right\" aria-hidden=\"true\">\n\t\t\t\t\t\t\t\t\t\t\t\t\t\t\t<span class=\"elementor-toggle-icon-closed\"><i class=\"fas fa-plus\"><\/i><\/span>\n\t\t\t\t\t\t\t\t<span class=\"elementor-toggle-icon-opened\"><i class=\"elementor-toggle-icon-opened fas fa-minus\"><\/i><\/span>\n\t\t\t\t\t\t\t\t\t\t\t\t\t<\/span>\n\t\t\t\t\t\t\t\t\t\t\t\t<a class=\"elementor-toggle-title\" tabindex=\"0\">\u00bfQu\u00e9 pasa si me siento nervioso por comenzar la terapia?<\/a>\n\t\t\t\t\t<\/h4>\n\n\t\t\t\t\t<div id=\"elementor-tab-content-7215\" class=\"elementor-tab-content elementor-clearfix\" data-tab=\"5\" role=\"region\" aria-labelledby=\"elementor-tab-title-7215\"><div class=\"conversation-container ng-star-inserted\"><div><div class=\"response-container ng-tns-c2845132601-95 ng-star-inserted\"><div class=\"presented-response-container ng-tns-c2845132601-95\"><div class=\"response-container-content ng-tns-c2845132601-95 tunable-selection-with-avatar\"><div class=\"response-content ng-tns-c2845132601-95 ng-animate-disabled\"><div class=\"markdown markdown-main-panel\" dir=\"ltr\"><p data-sourcepos=\"3:1-3:405\">Es completamente normal sentirse nervioso al iniciar la terapia. Puede resultar abrumador sincerarse con un extra\u00f1o sobre sus luchas personales. Sin embargo, los terapeutas est\u00e1n capacitados para crear un ambiente seguro y de apoyo donde usted pueda sentirse c\u00f3modo expres\u00e1ndose. Le animo a que hable sobre sus ansiedades durante nuestra primera sesi\u00f3n y podremos trabajar juntos a un ritmo que le resulte c\u00f3modo.<\/p><\/div><\/div><\/div><\/div><\/div><\/div><\/div><\/div>\n\t\t\t\t<\/div>\n\t\t\t\t\t\t\t<div class=\"elementor-toggle-item\">\n\t\t\t\t\t<h4 id=\"elementor-tab-title-7216\" class=\"elementor-tab-title\" data-tab=\"6\" role=\"button\" aria-controls=\"elementor-tab-content-7216\" aria-expanded=\"false\">\n\t\t\t\t\t\t\t\t\t\t\t\t<span class=\"elementor-toggle-icon elementor-toggle-icon-right\" aria-hidden=\"true\">\n\t\t\t\t\t\t\t\t\t\t\t\t\t\t\t<span class=\"elementor-toggle-icon-closed\"><i class=\"fas fa-plus\"><\/i><\/span>\n\t\t\t\t\t\t\t\t<span class=\"elementor-toggle-icon-opened\"><i class=\"elementor-toggle-icon-opened fas fa-minus\"><\/i><\/span>\n\t\t\t\t\t\t\t\t\t\t\t\t\t<\/span>\n\t\t\t\t\t\t\t\t\t\t\t\t<a class=\"elementor-toggle-title\" tabindex=\"0\">No estoy seguro si la terapia es adecuada para m\u00ed. \u00bfC\u00f3mo puedo decidir?<\/a>\n\t\t\t\t\t<\/h4>\n\n\t\t\t\t\t<div id=\"elementor-tab-content-7216\" class=\"elementor-tab-content elementor-clearfix\" data-tab=\"6\" role=\"region\" aria-labelledby=\"elementor-tab-title-7216\"><div class=\"conversation-container ng-star-inserted\"><div><div class=\"response-container ng-tns-c2845132601-95 ng-star-inserted\"><div class=\"presented-response-container ng-tns-c2845132601-95\"><div class=\"response-container-content ng-tns-c2845132601-95 tunable-selection-with-avatar\"><div class=\"response-content ng-tns-c2845132601-95 ng-animate-disabled\"><div class=\"markdown markdown-main-panel\" dir=\"ltr\"><div class=\"conversation-container ng-star-inserted\"><div><div class=\"response-container ng-tns-c2845132601-99 ng-star-inserted\"><div class=\"presented-response-container ng-tns-c2845132601-99\"><div class=\"response-container-content ng-tns-c2845132601-99 tunable-selection-with-avatar\"><div class=\"response-content ng-tns-c2845132601-99 ng-animate-disabled\"><div class=\"markdown markdown-main-panel\" dir=\"ltr\"><p data-sourcepos=\"7:1-7:359\">Si no est\u00e1 seguro de si la terapia es adecuada para usted, una consulta puede ser un primer paso \u00fatil. Durante una consulta, podemos analizar sus inquietudes con m\u00e1s detalle y explorar si la terapia podr\u00eda ser beneficiosa. Tambi\u00e9n hay muchos recursos disponibles en l\u00ednea y en bibliotecas que pueden brindarle m\u00e1s informaci\u00f3n sobre terapia y salud mental en general.<\/p><\/div><\/div><\/div><\/div><\/div><\/div><\/div><\/div><\/div><\/div><\/div><\/div><\/div><\/div><\/div>\n\t\t\t\t<\/div>\n\t\t\t\t\t\t\t\t<\/div>\n\t\t\t\t\t\t<\/div>\n\t\t\t\t<\/div>\n\t\t\t\t\t<\/div>\n\t\t<\/div>\n\t\t\t\t<div class=\"elementor-column elementor-col-25 elementor-top-column elementor-element elementor-element-1a272bc9 sc_content_align_inherit sc_layouts_column_icons_position_left sc_fly_static\" data-id=\"1a272bc9\" data-element_type=\"column\" data-e-type=\"column\">\n\t\t\t<div class=\"elementor-widget-wrap\">\n\t\t\t\t\t\t\t<\/div>\n\t\t<\/div>\n\t\t\t\t\t<\/div>\n\t\t<\/section>\n\t\t\t\t<\/div>","protected":false},"excerpt":{"rendered":"<p>What can I expect in therapy sessions? Therapy sessions are typically 50 minutes long and provide a safe and confidential space to discuss your concerns. The initial session will involve&hellip;<\/p>","protected":false},"author":2,"featured_media":0,"parent":0,"menu_order":0,"comment_status":"closed","ping_status":"closed","template":"","meta":{"rs_blank_template":"","rs_page_bg_color":"","slide_template_v7":"","footnotes":""},"class_list":["post-28523","page","type-page","status-publish","hentry"],"_links":{"self":[{"href":"https:\/\/lauriejhall.com\/es_mx\/wp-json\/wp\/v2\/pages\/28523","targetHints":{"allow":["GET"]}}],"collection":[{"href":"https:\/\/lauriejhall.com\/es_mx\/wp-json\/wp\/v2\/pages"}],"about":[{"href":"https:\/\/lauriejhall.com\/es_mx\/wp-json\/wp\/v2\/types\/page"}],"author":[{"embeddable":true,"href":"https:\/\/lauriejhall.com\/es_mx\/wp-json\/wp\/v2\/users\/2"}],"replies":[{"embeddable":true,"href":"https:\/\/lauriejhall.com\/es_mx\/wp-json\/wp\/v2\/comments?post=28523"}],"version-history":[{"count":7,"href":"https:\/\/lauriejhall.com\/es_mx\/wp-json\/wp\/v2\/pages\/28523\/revisions"}],"predecessor-version":[{"id":28548,"href":"https:\/\/lauriejhall.com\/es_mx\/wp-json\/wp\/v2\/pages\/28523\/revisions\/28548"}],"wp:attachment":[{"href":"https:\/\/lauriejhall.com\/es_mx\/wp-json\/wp\/v2\/media?parent=28523"}],"curies":[{"name":"wp","href":"https:\/\/api.w.org\/{rel}","templated":true}]}}