{"id":24031,"date":"2023-01-05T16:15:45","date_gmt":"2023-01-05T16:15:45","guid":{"rendered":"https:\/\/lauriejhall.com\/?page_id=24031"},"modified":"2024-11-22T12:39:09","modified_gmt":"2024-11-22T12:39:09","slug":"about","status":"publish","type":"page","link":"https:\/\/lauriejhall.com\/es_mx\/about\/","title":{"rendered":"Acerca de"},"content":{"rendered":"<div data-elementor-type=\"wp-page\" data-elementor-id=\"24031\" class=\"elementor elementor-24031\" data-elementor-post-type=\"page\">\n\t\t\t\t\t\t<section class=\"elementor-section elementor-top-section elementor-element elementor-element-e15a950 elementor-section-boxed elementor-section-height-default elementor-section-height-default sc_fly_static\" data-id=\"e15a950\" data-element_type=\"section\" data-e-type=\"section\">\n\t\t\t\t\t\t<div class=\"elementor-container elementor-column-gap-extended\">\n\t\t\t\t\t<div class=\"elementor-column elementor-col-100 elementor-top-column elementor-element elementor-element-b65e303 sc_content_align_inherit sc_layouts_column_icons_position_left sc_fly_static\" data-id=\"b65e303\" data-element_type=\"column\" data-e-type=\"column\">\n\t\t\t<div class=\"elementor-widget-wrap elementor-element-populated\">\n\t\t\t\t\t\t<div class=\"elementor-element elementor-element-09718da sc_fly_static elementor-widget elementor-widget-trx_sc_title\" data-id=\"09718da\" data-element_type=\"widget\" data-e-type=\"widget\" data-widget_type=\"trx_sc_title.default\">\n\t\t\t\t<div class=\"elementor-widget-container\">\n\t\t\t\t\t<div\t\tclass=\"sc_title sc_title_default\" ><h1 class=\"sc_item_title sc_title_title sc_align_center sc_item_title_style_default sc_item_title_tag\"\n\t\t\t><span class=\"sc_item_title_text\">Laurie J. Hall, LCSW <br \/> Psicoterapeuta licenciado<\/span><\/h1><div class=\"sc_item_descr sc_title_descr sc_align_center\"><p>San Diego y en l\u00ednea<\/p>\n<\/div><\/div>\t\t\t\t<\/div>\n\t\t\t\t<\/div>\n\t\t\t\t\t<\/div>\n\t\t<\/div>\n\t\t\t\t\t<\/div>\n\t\t<\/section>\n\t\t\t\t<section class=\"elementor-section elementor-top-section elementor-element elementor-element-d7bef64 elementor-section-boxed elementor-section-height-default elementor-section-height-default sc_fly_static\" data-id=\"d7bef64\" data-element_type=\"section\" data-e-type=\"section\">\n\t\t\t\t\t\t<div class=\"elementor-container elementor-column-gap-extended\">\n\t\t\t\t\t<div class=\"elementor-column elementor-col-100 elementor-top-column elementor-element elementor-element-a1032a5 sc_content_align_inherit sc_layouts_column_icons_position_left sc_fly_static\" data-id=\"a1032a5\" data-element_type=\"column\" data-e-type=\"column\">\n\t\t\t<div class=\"elementor-widget-wrap elementor-element-populated\">\n\t\t\t\t\t\t<div class=\"elementor-element elementor-element-96f8247 sc_fly_static elementor-widget elementor-widget-text-editor\" data-id=\"96f8247\" data-element_type=\"widget\" data-e-type=\"widget\" data-widget_type=\"text-editor.default\">\n\t\t\t\t<div class=\"elementor-widget-container\">\n\t\t\t\t\t\t\t\t\t<p data-sourcepos=\"3:1-3:463\">Laurie Hall, trabajadora social cl\u00ednica autorizada (LCSW), ha dedicado su carrera a ayudar a personas, familias y parejas a superar los desaf\u00edos de la vida y desarrollar el bienestar emocional. Desde que obtuvo su maestr\u00eda en la Universidad de Washington en St. Louis en 1994, la experiencia de Laurie abarca diversos entornos, desde trabajar con ni\u00f1os y familias de alto riesgo dentro del sistema escolar p\u00fablico hasta brindar atenci\u00f3n especializada en trauma en el Hospital Infantil de San Diego.<\/p><p data-sourcepos=\"7:1-7:451\">La pasi\u00f3n de Laurie radica en fomentar el apego seguro y empoderar a las personas para que superen experiencias pasadas. En el Children's Hospital, perfeccion\u00f3 sus habilidades en terapia de juego y terapia basada en el apego, apoyando a ni\u00f1os que hab\u00edan sufrido abuso f\u00edsico y sexual. Su experiencia se extiende al apoyo a padres y cuidadores, ofreciendo orientaci\u00f3n sobre c\u00f3mo responder a las necesidades de los ni\u00f1os y facilitando grupos terap\u00e9uticos para v\u00edctimas de violencia dom\u00e9stica.<\/p><p data-sourcepos=\"11:1-11:458\">En 2004, Laurie abri\u00f3 una pr\u00e1ctica privada, ampliando su enfoque para incluir adultos que enfrentan estr\u00e9s, conflictos familiares, problemas matrimoniales, depresi\u00f3n, ansiedad y transiciones de vida. Al reconocer el poder de EMDR (desensibilizaci\u00f3n y reprocesamiento por movimientos oculares), Laurie obtuvo la certificaci\u00f3n en este enfoque en 2009. Ha sido testigo de c\u00f3mo innumerables clientes, tanto ni\u00f1os como adultos, encontraron alivio del impacto de traumas pasados \u200b\u200by desarrollaron una perspectiva m\u00e1s positiva a trav\u00e9s de EMDR.<\/p><p data-sourcepos=\"15:1-15:388\">En 2010, Laurie se embarc\u00f3 en una amplia formaci\u00f3n en Terapia Centrada en las Emociones (EFT), un poderoso modelo de terapia de pareja. EFT equipa a las parejas para reconocer patrones de comunicaci\u00f3n nocivos para la salud y construir una base para una conexi\u00f3n segura. Despu\u00e9s de completar su capacitaci\u00f3n en 2012, Laurie ahora utiliza ampliamente EFT en su pr\u00e1ctica, capacitando a las parejas para que se reconecten y encuentren apoyo mutuo.<\/p><p data-sourcepos=\"19:1-19:260\">La dedicaci\u00f3n de Laurie a sus clientes se extiende a su b\u00fasqueda continua de conocimientos. Participa constantemente en capacitaciones sobre EMDR, terapia de pareja y temas de embarazo\/posparto, asegur\u00e1ndose de ofrecer las t\u00e9cnicas terap\u00e9uticas m\u00e1s actualizadas y efectivas.<\/p><p data-sourcepos=\"23:1-23:189\">Laurie da la bienvenida a adultos, padres y parejas que buscan apoyo. Con fluidez en espa\u00f1ol hablado y escrito, brinda terapia en ambos idiomas para satisfacer las necesidades de la comunidad de San Diego.<\/p><div class=\"conversation-container ng-star-inserted\"><div><div class=\"response-container ng-tns-c2845132601-35 ng-star-inserted\"><div class=\"presented-response-container ng-tns-c2845132601-35\"><div class=\"response-container-content ng-tns-c2845132601-35 tunable-selection-with-avatar\"><div class=\"response-content ng-tns-c2845132601-35 ng-animate-disabled\"><div class=\"markdown markdown-main-panel\" dir=\"ltr\"><p data-sourcepos=\"27:1-27:171\">Laurie cree en su capacidad para sanar, crecer y prosperar. Si est\u00e1 listo para embarcarse en un viaje de autodescubrimiento y construir una vida m\u00e1s plena, <a href=\"https:\/\/lauriejhall.com\/es_mx\/contact\/\">contacto<\/a> Lauri hoy.<\/p><\/div><\/div><\/div><\/div><div class=\"response-container-footer ng-tns-c2845132601-35\"><div class=\"actions-container-v2 ng-star-inserted\"><div class=\"buttons-container-v2 ng-star-inserted\">\u00a0<\/div><\/div><\/div><\/div><\/div><\/div>\t\t\t\t\t\t\t\t<\/div>\n\t\t\t\t<\/div>\n\t\t\t\t\t<\/div>\n\t\t<\/div>\n\t\t\t\t\t<\/div>\n\t\t<\/section>\n\t\t\t\t<section class=\"elementor-section elementor-top-section elementor-element elementor-element-f57e930 scheme_light elementor-reverse-tablet elementor-reverse-mobile sc_layouts_hide_on_wide sc_layouts_hide_on_desktop sc_layouts_hide_on_notebook sc_layouts_hide_on_tablet sc_layouts_hide_on_mobile elementor-section-boxed elementor-section-height-default elementor-section-height-default sc_fly_static\" data-id=\"f57e930\" data-element_type=\"section\" data-e-type=\"section\" data-settings=\"{&quot;background_background&quot;:&quot;classic&quot;}\">\n\t\t\t\t\t\t<div class=\"elementor-container elementor-column-gap-extended\">\n\t\t\t\t\t<div class=\"elementor-column elementor-col-100 elementor-top-column elementor-element elementor-element-cec4b83 sc_content_align_inherit sc_layouts_column_icons_position_left sc_fly_static\" data-id=\"cec4b83\" data-element_type=\"column\" data-e-type=\"column\">\n\t\t\t<div class=\"elementor-widget-wrap elementor-element-populated\">\n\t\t\t\t\t\t<div class=\"elementor-element elementor-element-bf0e9b0 sc_height_huge sc_fly_static elementor-widget elementor-widget-spacer\" data-id=\"bf0e9b0\" data-element_type=\"widget\" data-e-type=\"widget\" data-widget_type=\"spacer.default\">\n\t\t\t\t<div class=\"elementor-widget-container\">\n\t\t\t\t\t\t\t<div class=\"elementor-spacer\">\n\t\t\t<div class=\"elementor-spacer-inner\"><\/div>\n\t\t<\/div>\n\t\t\t\t\t\t<\/div>\n\t\t\t\t<\/div>\n\t\t\t\t<div class=\"elementor-element elementor-element-5b15485 sc_fly_static elementor-widget elementor-widget-spacer\" data-id=\"5b15485\" data-element_type=\"widget\" data-e-type=\"widget\" data-widget_type=\"spacer.default\">\n\t\t\t\t<div class=\"elementor-widget-container\">\n\t\t\t\t\t\t\t<div class=\"elementor-spacer\">\n\t\t\t<div class=\"elementor-spacer-inner\"><\/div>\n\t\t<\/div>\n\t\t\t\t\t\t<\/div>\n\t\t\t\t<\/div>\n\t\t\t\t\t<\/div>\n\t\t<\/div>\n\t\t\t\t\t<\/div>\n\t\t<\/section>\n\t\t\t\t<section class=\"elementor-section elementor-top-section elementor-element elementor-element-29cbe5f4 scheme_light elementor-section-content-middle elementor-reverse-tablet elementor-reverse-mobile sc_layouts_hide_on_wide sc_layouts_hide_on_desktop sc_layouts_hide_on_notebook sc_layouts_hide_on_tablet sc_layouts_hide_on_mobile elementor-section-boxed elementor-section-height-default elementor-section-height-default sc_fly_static\" data-id=\"29cbe5f4\" data-element_type=\"section\" data-e-type=\"section\" data-settings=\"{&quot;background_background&quot;:&quot;classic&quot;}\">\n\t\t\t\t\t\t<div class=\"elementor-container elementor-column-gap-extended\">\n\t\t\t\t\t<div class=\"elementor-column elementor-col-50 elementor-top-column elementor-element elementor-element-4ee290f0 sc_content_align_inherit sc_layouts_column_icons_position_left sc_fly_static\" data-id=\"4ee290f0\" data-element_type=\"column\" data-e-type=\"column\">\n\t\t\t<div class=\"elementor-widget-wrap elementor-element-populated\">\n\t\t\t\t\t\t<div class=\"elementor-element elementor-element-1f2e0ba sc_height_medium sc_layouts_hide_on_notebook sc_layouts_hide_on_tablet sc_layouts_hide_on_mobile sc_fly_static elementor-widget elementor-widget-spacer\" data-id=\"1f2e0ba\" data-element_type=\"widget\" data-e-type=\"widget\" data-widget_type=\"spacer.default\">\n\t\t\t\t<div class=\"elementor-widget-container\">\n\t\t\t\t\t\t\t<div class=\"elementor-spacer\">\n\t\t\t<div class=\"elementor-spacer-inner\"><\/div>\n\t\t<\/div>\n\t\t\t\t\t\t<\/div>\n\t\t\t\t<\/div>\n\t\t\t\t<div class=\"elementor-element elementor-element-bf258b9 sc_height_small sc_layouts_hide_on_wide sc_layouts_hide_on_desktop sc_layouts_hide_on_mobile sc_fly_static elementor-widget elementor-widget-spacer\" data-id=\"bf258b9\" data-element_type=\"widget\" data-e-type=\"widget\" data-widget_type=\"spacer.default\">\n\t\t\t\t<div class=\"elementor-widget-container\">\n\t\t\t\t\t\t\t<div class=\"elementor-spacer\">\n\t\t\t<div class=\"elementor-spacer-inner\"><\/div>\n\t\t<\/div>\n\t\t\t\t\t\t<\/div>\n\t\t\t\t<\/div>\n\t\t\t\t<div class=\"elementor-element elementor-element-19276f60 sc_fly_static elementor-widget elementor-widget-trx_sc_title\" data-id=\"19276f60\" data-element_type=\"widget\" data-e-type=\"widget\" data-widget_type=\"trx_sc_title.default\">\n\t\t\t\t<div class=\"elementor-widget-container\">\n\t\t\t\t\t<div\t\tclass=\"sc_title sc_title_default\" ><span class=\"sc_item_subtitle sc_title_subtitle sc_item_subtitle_above sc_item_title_style_default\">Fiscolog\u00eda cl\u00ednica<\/span><h1 class=\"sc_item_title sc_title_title sc_item_title_style_default sc_item_title_tag\"\n\t\t\t><span class=\"sc_item_title_text\">Desarrollo un tratamiento mental moderno.<\/span><\/h1><\/div>\t\t\t\t<\/div>\n\t\t\t\t<\/div>\n\t\t\t\t<div class=\"elementor-element elementor-element-322c4eb7 sc_fly_static elementor-widget elementor-widget-spacer\" data-id=\"322c4eb7\" data-element_type=\"widget\" data-e-type=\"widget\" data-widget_type=\"spacer.default\">\n\t\t\t\t<div class=\"elementor-widget-container\">\n\t\t\t\t\t\t\t<div class=\"elementor-spacer\">\n\t\t\t<div class=\"elementor-spacer-inner\"><\/div>\n\t\t<\/div>\n\t\t\t\t\t\t<\/div>\n\t\t\t\t<\/div>\n\t\t\t\t<section class=\"elementor-section elementor-inner-section elementor-element elementor-element-455c757e elementor-section-content-top elementor-section-boxed elementor-section-height-default elementor-section-height-default sc_fly_static\" data-id=\"455c757e\" data-element_type=\"section\" data-e-type=\"section\">\n\t\t\t\t\t\t<div class=\"elementor-container elementor-column-gap-no\">\n\t\t\t\t\t<div class=\"elementor-column elementor-col-100 elementor-inner-column elementor-element elementor-element-2661ac07 sc_content_align_inherit sc_layouts_column_icons_position_left sc_fly_static\" data-id=\"2661ac07\" data-element_type=\"column\" data-e-type=\"column\">\n\t\t\t<div class=\"elementor-widget-wrap elementor-element-populated\">\n\t\t\t\t\t\t<div class=\"elementor-element elementor-element-6d531caf sc_fly_static elementor-widget elementor-widget-text-editor\" data-id=\"6d531caf\" data-element_type=\"widget\" data-e-type=\"widget\" data-widget_type=\"text-editor.default\">\n\t\t\t\t<div class=\"elementor-widget-container\">\n\t\t\t\t\t\t\t\t\t<p>Como terapeuta, me apasiona utilizar enfoques de vanguardia como EMDR y EFT para capacitar a personas, parejas y familias para sanar y prosperar.<\/p>\t\t\t\t\t\t\t\t<\/div>\n\t\t\t\t<\/div>\n\t\t\t\t<div class=\"elementor-element elementor-element-17e82741 sc_height_small sc_fly_static elementor-widget elementor-widget-spacer\" data-id=\"17e82741\" data-element_type=\"widget\" data-e-type=\"widget\" data-widget_type=\"spacer.default\">\n\t\t\t\t<div class=\"elementor-widget-container\">\n\t\t\t\t\t\t\t<div class=\"elementor-spacer\">\n\t\t\t<div class=\"elementor-spacer-inner\"><\/div>\n\t\t<\/div>\n\t\t\t\t\t\t<\/div>\n\t\t\t\t<\/div>\n\t\t\t\t\t<\/div>\n\t\t<\/div>\n\t\t\t\t\t<\/div>\n\t\t<\/section>\n\t\t\t\t<div class=\"elementor-element elementor-element-77f78d7 sc_height_medium sc_layouts_hide_on_tablet sc_fly_static elementor-widget elementor-widget-spacer\" data-id=\"77f78d7\" data-element_type=\"widget\" data-e-type=\"widget\" data-widget_type=\"spacer.default\">\n\t\t\t\t<div class=\"elementor-widget-container\">\n\t\t\t\t\t\t\t<div class=\"elementor-spacer\">\n\t\t\t<div class=\"elementor-spacer-inner\"><\/div>\n\t\t<\/div>\n\t\t\t\t\t\t<\/div>\n\t\t\t\t<\/div>\n\t\t\t\t\t<\/div>\n\t\t<\/div>\n\t\t\t\t<div class=\"elementor-column elementor-col-50 elementor-top-column elementor-element elementor-element-2ab0be44 sc_content_align_inherit sc_layouts_column_icons_position_left sc_fly_static\" data-id=\"2ab0be44\" data-element_type=\"column\" data-e-type=\"column\">\n\t\t\t<div class=\"elementor-widget-wrap elementor-element-populated\">\n\t\t\t\t\t\t<section class=\"elementor-section elementor-inner-section elementor-element elementor-element-185416f4 elementor-section-content-bottom elementor-section-boxed elementor-section-height-default elementor-section-height-default sc_fly_static\" data-id=\"185416f4\" data-element_type=\"section\" data-e-type=\"section\">\n\t\t\t\t\t\t<div class=\"elementor-container elementor-column-gap-no\">\n\t\t\t\t\t<div class=\"elementor-column elementor-col-50 elementor-inner-column elementor-element elementor-element-3a9a49a8 sc_content_align_inherit sc_layouts_column_icons_position_left sc_fly_static\" data-id=\"3a9a49a8\" data-element_type=\"column\" data-e-type=\"column\">\n\t\t\t<div class=\"elementor-widget-wrap elementor-element-populated\">\n\t\t\t\t\t\t<div class=\"elementor-element elementor-element-33dbcf2c scheme_dark elementor-widget__width-auto sc_fly_static elementor-widget elementor-widget-trx_sc_skills\" data-id=\"33dbcf2c\" data-element_type=\"widget\" data-e-type=\"widget\" data-widget_type=\"trx_sc_skills.default\">\n\t\t\t\t<div class=\"elementor-widget-container\">\n\t\t\t\t\t<div\t\tclass=\"sc_skills scheme_dark sc_skills_counter_extra sc_skills_counter_style_odometer sc_align_left\"\n\t\t\t\tdata-type=\"counter\" ><div class=\"sc_skills_column trx_addons_column-1_1\"><div class=\"sc_skills_item_wrap sc_skills_item_icon_position_top\"><div class=\"sc_skills_item_title\">Clientes felices<\/div><div class=\"sc_skills_item\"><div class=\"sc_skills_total\" data-start=\"0\" data-stop=\"1234\" data-step=\"12.34\" data-max=\"4000\" data-speed=\"15\" data-duration=\"1500\" data-ed=\"\" data-style=\"odometer\"><span class=\"sc_skills_digits\"><span class=\"sc_skills_digit\"><span class=\"sc_skills_digit_placeholder\">8<\/span><span class=\"sc_skills_digit_wrap\"><span class=\"sc_skills_digit_ribbon\"><span class=\"sc_skills_digit_value\">0<\/span><\/span><\/span><\/span><span class=\"sc_skills_digit\"><span class=\"sc_skills_digit_placeholder\">8<\/span><span class=\"sc_skills_digit_wrap\"><span class=\"sc_skills_digit_ribbon\"><span class=\"sc_skills_digit_value\">0<\/span><\/span><\/span><\/span><span class=\"sc_skills_digit\"><span class=\"sc_skills_digit_placeholder\">8<\/span><span class=\"sc_skills_digit_wrap\"><span class=\"sc_skills_digit_ribbon\"><span class=\"sc_skills_digit_value\">0<\/span><\/span><\/span><\/span><span class=\"sc_skills_digit\"><span class=\"sc_skills_digit_placeholder\">8<\/span><span class=\"sc_skills_digit_wrap\"><span class=\"sc_skills_digit_ribbon\"><span class=\"sc_skills_digit_value\">0<\/span><\/span><\/span><\/span><\/span><\/div><\/div><\/div><\/div><\/div>\t\t\t\t<\/div>\n\t\t\t\t<\/div>\n\t\t\t\t\t<\/div>\n\t\t<\/div>\n\t\t\t\t<div class=\"elementor-column elementor-col-50 elementor-inner-column elementor-element elementor-element-2a9c83cf sc_content_align_inherit sc_layouts_column_icons_position_left sc_fly_static\" data-id=\"2a9c83cf\" data-element_type=\"column\" data-e-type=\"column\">\n\t\t\t<div class=\"elementor-widget-wrap elementor-element-populated\">\n\t\t\t\t\t\t<div class=\"elementor-element elementor-element-6074bc9c elementor-widget__width-auto sc_fly_static elementor-widget elementor-widget-image\" data-id=\"6074bc9c\" data-element_type=\"widget\" data-e-type=\"widget\" data-widget_type=\"image.default\">\n\t\t\t\t<div class=\"elementor-widget-container\">\n\t\t\t\t\t\t\t\t\t\t\t\t\t\t\t<img decoding=\"async\" src=\"https:\/\/lauriejhall.com\/wp-content\/uploads\/elementor\/thumbs\/img3-qjxxmpcuc5n518qhmn0wk2cihvocnff2pl1xfdveck.jpg\" title=\"img3\" alt=\"img3\" loading=\"lazy\" \/>\t\t\t\t\t\t\t\t\t\t\t\t\t\t\t<\/div>\n\t\t\t\t<\/div>\n\t\t\t\t\t<\/div>\n\t\t<\/div>\n\t\t\t\t\t<\/div>\n\t\t<\/section>\n\t\t\t\t<section class=\"elementor-section elementor-inner-section elementor-element elementor-element-707bb268 elementor-section-boxed elementor-section-height-default elementor-section-height-default sc_fly_static\" data-id=\"707bb268\" data-element_type=\"section\" data-e-type=\"section\">\n\t\t\t\t\t\t<div class=\"elementor-container elementor-column-gap-no\">\n\t\t\t\t\t<div class=\"elementor-column elementor-col-50 elementor-inner-column elementor-element elementor-element-7f03dda sc_content_align_inherit sc_layouts_column_icons_position_left sc_fly_static\" data-id=\"7f03dda\" data-element_type=\"column\" data-e-type=\"column\">\n\t\t\t<div class=\"elementor-widget-wrap\">\n\t\t\t\t\t\t\t<\/div>\n\t\t<\/div>\n\t\t\t\t<div class=\"elementor-column elementor-col-50 elementor-inner-column elementor-element elementor-element-6a0c1da4 sc_content_align_inherit sc_layouts_column_icons_position_left sc_fly_static\" data-id=\"6a0c1da4\" data-element_type=\"column\" data-e-type=\"column\">\n\t\t\t<div class=\"elementor-widget-wrap elementor-element-populated\">\n\t\t\t\t\t\t<div class=\"elementor-element elementor-element-33698d11 sc_fly_static elementor-widget elementor-widget-image\" data-id=\"33698d11\" data-element_type=\"widget\" data-e-type=\"widget\" data-widget_type=\"image.default\">\n\t\t\t\t<div class=\"elementor-widget-container\">\n\t\t\t\t\t\t\t\t\t\t\t\t\t\t\t<img decoding=\"async\" src=\"https:\/\/lauriejhall.com\/wp-content\/uploads\/elementor\/thumbs\/img4-qjxxms6cvcdwnj6dqltg79gy1pri4rmsqth12z1i12.jpg\" title=\"\" alt=\"\" loading=\"lazy\" \/>\t\t\t\t\t\t\t\t\t\t\t\t\t\t\t<\/div>\n\t\t\t\t<\/div>\n\t\t\t\t\t<\/div>\n\t\t<\/div>\n\t\t\t\t\t<\/div>\n\t\t<\/section>\n\t\t\t\t\t<\/div>\n\t\t<\/div>\n\t\t\t\t\t<\/div>\n\t\t<\/section>\n\t\t\t\t<section class=\"elementor-section elementor-top-section elementor-element elementor-element-49cff11 elementor-section-boxed elementor-section-height-default elementor-section-height-default sc_fly_static\" data-id=\"49cff11\" data-element_type=\"section\" data-e-type=\"section\">\n\t\t\t\t\t\t<div class=\"elementor-container elementor-column-gap-extended\">\n\t\t\t\t\t<div class=\"elementor-column elementor-col-100 elementor-top-column elementor-element elementor-element-12e4320 sc_content_align_inherit sc_layouts_column_icons_position_left sc_fly_static\" data-id=\"12e4320\" data-element_type=\"column\" data-e-type=\"column\">\n\t\t\t<div class=\"elementor-widget-wrap elementor-element-populated\">\n\t\t\t\t\t\t<div class=\"elementor-element elementor-element-e4db63c sc_fly_static elementor-widget elementor-widget-spacer\" data-id=\"e4db63c\" data-element_type=\"widget\" data-e-type=\"widget\" data-widget_type=\"spacer.default\">\n\t\t\t\t<div class=\"elementor-widget-container\">\n\t\t\t\t\t\t\t<div class=\"elementor-spacer\">\n\t\t\t<div class=\"elementor-spacer-inner\"><\/div>\n\t\t<\/div>\n\t\t\t\t\t\t<\/div>\n\t\t\t\t<\/div>\n\t\t\t\t\t<\/div>\n\t\t<\/div>\n\t\t\t\t\t<\/div>\n\t\t<\/section>\n\t\t\t\t<\/div>","protected":false},"excerpt":{"rendered":"<p>Laurie J. Hall, LCSW Licensed Psychotherapist San Diego and online Laurie Hall, a Licensed Clinical Social Worker (LCSW), has dedicated her career to helping individuals, families, and couples navigate life&#8217;s&hellip;<\/p>","protected":false},"author":2,"featured_media":0,"parent":0,"menu_order":0,"comment_status":"closed","ping_status":"closed","template":"","meta":{"rs_blank_template":"","rs_page_bg_color":"","slide_template_v7":"","footnotes":""},"class_list":["post-24031","page","type-page","status-publish","hentry"],"_links":{"self":[{"href":"https:\/\/lauriejhall.com\/es_mx\/wp-json\/wp\/v2\/pages\/24031","targetHints":{"allow":["GET"]}}],"collection":[{"href":"https:\/\/lauriejhall.com\/es_mx\/wp-json\/wp\/v2\/pages"}],"about":[{"href":"https:\/\/lauriejhall.com\/es_mx\/wp-json\/wp\/v2\/types\/page"}],"author":[{"embeddable":true,"href":"https:\/\/lauriejhall.com\/es_mx\/wp-json\/wp\/v2\/users\/2"}],"replies":[{"embeddable":true,"href":"https:\/\/lauriejhall.com\/es_mx\/wp-json\/wp\/v2\/comments?post=24031"}],"version-history":[{"count":58,"href":"https:\/\/lauriejhall.com\/es_mx\/wp-json\/wp\/v2\/pages\/24031\/revisions"}],"predecessor-version":[{"id":28693,"href":"https:\/\/lauriejhall.com\/es_mx\/wp-json\/wp\/v2\/pages\/24031\/revisions\/28693"}],"wp:attachment":[{"href":"https:\/\/lauriejhall.com\/es_mx\/wp-json\/wp\/v2\/media?parent=24031"}],"curies":[{"name":"wp","href":"https:\/\/api.w.org\/{rel}","templated":true}]}}